{"id":3702,"date":"2017-06-27T22:42:29","date_gmt":"2017-06-28T01:42:29","guid":{"rendered":"http:\/\/www.casadefulo.com.br\/cms\/quem-somos\/"},"modified":"2022-09-26T16:29:52","modified_gmt":"2022-09-26T19:29:52","slug":"equipo-fulores","status":"publish","type":"page","link":"http:\/\/www.casadefulo.com.br\/es\/equipo-fulores\/","title":{"rendered":"Equipo Ful\u00f4res"},"content":{"rendered":"<h2>Casa de Ful\u00f4 Prod<\/h2>\n<p>Casa de Ful\u00f4 Prod es una agencia de producci\u00f3n cultural y creaci\u00f3n de contenido. La Casa desarrolla sus propios proyectos, como los festivales SUNSET INSTRUMENTAL (Belo Horizonte y R\u00edo de Janeiro), EXPERIA (R\u00edo de Janeiro, Brasilia y S\u00e3o Paulo), REPIQUE DO TAMBOR (Brasilia) y IBEROEXPERIA (Madrid), as\u00ed como colabora en la coproducci\u00f3n de eventos asociados, como Rio Music Market (R\u00edo de Janeiro), MIDEM Latam (R\u00edo de Janeiro) y otros.<\/p>\n<p>Adem\u00e1s la compa\u00f1\u00eda brinda servicios de consultor\u00eda para el desarrollo de carreras art\u00edsticas, management y booking a nivel nacional e internacional, con enfoque en Jazz y World Music. Actualmente la agencia tiene en su host los artistas Arnaldo Antunes (Europa), Armandinho Macedo (Europa) y AYOM (Espa\u00f1a).<\/p>\n<p>Fundada y dirigida por la empresaria Anamaria Rigotto, que reside actualmente en Espa\u00f1a, Casa de Ful\u00f4 tiene oficinas en Madrid y R\u00edo de Janeiro.<\/p>\n<p>La casa cuenta con un equipo atento y experimentado. Ful\u00f4res delicados, pero con sangre en los ojos y pasi\u00f3n para crear y proporcionar experiencias incre\u00edbles a trav\u00e9s de la m\u00fasica y del entretenimiento.<\/p>\n","protected":false},"excerpt":{"rendered":"<p>A Casa de Ful\u00f4 preza pela qualidade e excel\u00eancia no agenciamento de artistas, produ\u00e7\u00e3o de eventos culturais e festivais de m\u00fasica. Conhe\u00e7a nosso trabalho<\/p>\n","protected":false},"author":1,"featured_media":0,"parent":0,"menu_order":0,"comment_status":"closed","ping_status":"closed","template":"","meta":{"ngg_post_thumbnail":0,"footnotes":""},"class_list":["post-3702","page","type-page","status-publish","hentry"],"yoast_head":"<!-- This site is optimized with the Yoast SEO plugin v19.8 - https:\/\/yoast.com\/wordpress\/plugins\/seo\/ -->\n<title>Equipo Ful\u00f4res &raquo; Casa de Ful\u00f4<\/title>\n<meta name=\"robots\" content=\"index, follow, max-snippet:-1, max-image-preview:large, max-video-preview:-1\" \/>\n<link rel=\"canonical\" href=\"http:\/\/www.casadefulo.com.br\/es\/equipo-fulores\/\" \/>\n<meta property=\"og:locale\" content=\"es_ES\" \/>\n<meta property=\"og:type\" content=\"article\" \/>\n<meta property=\"og:title\" content=\"Equipo Ful\u00f4res &raquo; Casa de Ful\u00f4\" \/>\n<meta property=\"og:description\" content=\"A Casa de Ful\u00f4 preza pela qualidade e excel\u00eancia no agenciamento de artistas, produ\u00e7\u00e3o de eventos culturais e festivais de m\u00fasica. Conhe\u00e7a nosso trabalho\" \/>\n<meta property=\"og:url\" content=\"http:\/\/www.casadefulo.com.br\/es\/equipo-fulores\/\" \/>\n<meta property=\"og:site_name\" content=\"Casa de Ful\u00f4\" \/>\n<meta property=\"article:publisher\" content=\"https:\/\/www.facebook.com\/CasaDeFuloProducoes\" \/>\n<meta property=\"article:modified_time\" content=\"2022-09-26T19:29:52+00:00\" \/>\n<meta name=\"twitter:card\" content=\"summary_large_image\" \/>\n<meta name=\"twitter:label1\" content=\"Tiempo de lectura\" \/>\n\t<meta name=\"twitter:data1\" content=\"1 minuto\" \/>\n<script type=\"application\/ld+json\" class=\"yoast-schema-graph\">{\"@context\":\"https:\/\/schema.org\",\"@graph\":[{\"@type\":\"WebPage\",\"@id\":\"http:\/\/www.casadefulo.com.br\/es\/equipo-fulores\/\",\"url\":\"http:\/\/www.casadefulo.com.br\/es\/equipo-fulores\/\",\"name\":\"Equipo Ful\u00f4res &raquo; Casa de Ful\u00f4\",\"isPartOf\":{\"@id\":\"https:\/\/www.casadefulo.com.br\/#website\"},\"datePublished\":\"2017-06-28T01:42:29+00:00\",\"dateModified\":\"2022-09-26T19:29:52+00:00\",\"breadcrumb\":{\"@id\":\"http:\/\/www.casadefulo.com.br\/es\/equipo-fulores\/#breadcrumb\"},\"inLanguage\":\"es\",\"potentialAction\":[{\"@type\":\"ReadAction\",\"target\":[\"http:\/\/www.casadefulo.com.br\/es\/equipo-fulores\/\"]}]},{\"@type\":\"BreadcrumbList\",\"@id\":\"http:\/\/www.casadefulo.com.br\/es\/equipo-fulores\/#breadcrumb\",\"itemListElement\":[{\"@type\":\"ListItem\",\"position\":1,\"name\":\"In\u00edcio\",\"item\":\"http:\/\/www.casadefulo.com.br\/es\/\"},{\"@type\":\"ListItem\",\"position\":2,\"name\":\"Equipo Ful\u00f4res\"}]},{\"@type\":\"WebSite\",\"@id\":\"https:\/\/www.casadefulo.com.br\/#website\",\"url\":\"https:\/\/www.casadefulo.com.br\/\",\"name\":\"Casa de Ful\u00f4\",\"description\":\"\",\"publisher\":{\"@id\":\"https:\/\/www.casadefulo.com.br\/#organization\"},\"potentialAction\":[{\"@type\":\"SearchAction\",\"target\":{\"@type\":\"EntryPoint\",\"urlTemplate\":\"https:\/\/www.casadefulo.com.br\/?s={search_term_string}\"},\"query-input\":\"required name=search_term_string\"}],\"inLanguage\":\"es\"},{\"@type\":\"Organization\",\"@id\":\"https:\/\/www.casadefulo.com.br\/#organization\",\"name\":\"Casa de Ful\u00f4 Prod\",\"url\":\"https:\/\/www.casadefulo.com.br\/\",\"sameAs\":[\"https:\/\/www.instagram.com\/casadefuloprod\",\"https:\/\/www.facebook.com\/CasaDeFuloProducoes\"],\"logo\":{\"@type\":\"ImageObject\",\"inLanguage\":\"es\",\"@id\":\"https:\/\/www.casadefulo.com.br\/#\/schema\/logo\/image\/\",\"url\":\"http:\/\/www.casadefulo.com.br\/cms\/wp-content\/uploads\/2017\/06\/casadefulo-thumbnail.jpg\",\"contentUrl\":\"http:\/\/www.casadefulo.com.br\/cms\/wp-content\/uploads\/2017\/06\/casadefulo-thumbnail.jpg\",\"width\":280,\"height\":280,\"caption\":\"Casa de Ful\u00f4 Prod\"},\"image\":{\"@id\":\"https:\/\/www.casadefulo.com.br\/#\/schema\/logo\/image\/\"}}]}<\/script>\n<!-- \/ Yoast SEO plugin. -->","yoast_head_json":{"title":"Equipo Ful\u00f4res &raquo; Casa de Ful\u00f4","robots":{"index":"index","follow":"follow","max-snippet":"max-snippet:-1","max-image-preview":"max-image-preview:large","max-video-preview":"max-video-preview:-1"},"canonical":"http:\/\/www.casadefulo.com.br\/es\/equipo-fulores\/","og_locale":"es_ES","og_type":"article","og_title":"Equipo Ful\u00f4res &raquo; Casa de Ful\u00f4","og_description":"A Casa de Ful\u00f4 preza pela qualidade e excel\u00eancia no agenciamento de artistas, produ\u00e7\u00e3o de eventos culturais e festivais de m\u00fasica. Conhe\u00e7a nosso trabalho","og_url":"http:\/\/www.casadefulo.com.br\/es\/equipo-fulores\/","og_site_name":"Casa de Ful\u00f4","article_publisher":"https:\/\/www.facebook.com\/CasaDeFuloProducoes","article_modified_time":"2022-09-26T19:29:52+00:00","twitter_card":"summary_large_image","twitter_misc":{"Tiempo de lectura":"1 minuto"},"schema":{"@context":"https:\/\/schema.org","@graph":[{"@type":"WebPage","@id":"http:\/\/www.casadefulo.com.br\/es\/equipo-fulores\/","url":"http:\/\/www.casadefulo.com.br\/es\/equipo-fulores\/","name":"Equipo Ful\u00f4res &raquo; Casa de Ful\u00f4","isPartOf":{"@id":"https:\/\/www.casadefulo.com.br\/#website"},"datePublished":"2017-06-28T01:42:29+00:00","dateModified":"2022-09-26T19:29:52+00:00","breadcrumb":{"@id":"http:\/\/www.casadefulo.com.br\/es\/equipo-fulores\/#breadcrumb"},"inLanguage":"es","potentialAction":[{"@type":"ReadAction","target":["http:\/\/www.casadefulo.com.br\/es\/equipo-fulores\/"]}]},{"@type":"BreadcrumbList","@id":"http:\/\/www.casadefulo.com.br\/es\/equipo-fulores\/#breadcrumb","itemListElement":[{"@type":"ListItem","position":1,"name":"In\u00edcio","item":"http:\/\/www.casadefulo.com.br\/es\/"},{"@type":"ListItem","position":2,"name":"Equipo Ful\u00f4res"}]},{"@type":"WebSite","@id":"https:\/\/www.casadefulo.com.br\/#website","url":"https:\/\/www.casadefulo.com.br\/","name":"Casa de Ful\u00f4","description":"","publisher":{"@id":"https:\/\/www.casadefulo.com.br\/#organization"},"potentialAction":[{"@type":"SearchAction","target":{"@type":"EntryPoint","urlTemplate":"https:\/\/www.casadefulo.com.br\/?s={search_term_string}"},"query-input":"required name=search_term_string"}],"inLanguage":"es"},{"@type":"Organization","@id":"https:\/\/www.casadefulo.com.br\/#organization","name":"Casa de Ful\u00f4 Prod","url":"https:\/\/www.casadefulo.com.br\/","sameAs":["https:\/\/www.instagram.com\/casadefuloprod","https:\/\/www.facebook.com\/CasaDeFuloProducoes"],"logo":{"@type":"ImageObject","inLanguage":"es","@id":"https:\/\/www.casadefulo.com.br\/#\/schema\/logo\/image\/","url":"http:\/\/www.casadefulo.com.br\/cms\/wp-content\/uploads\/2017\/06\/casadefulo-thumbnail.jpg","contentUrl":"http:\/\/www.casadefulo.com.br\/cms\/wp-content\/uploads\/2017\/06\/casadefulo-thumbnail.jpg","width":280,"height":280,"caption":"Casa de Ful\u00f4 Prod"},"image":{"@id":"https:\/\/www.casadefulo.com.br\/#\/schema\/logo\/image\/"}}]}},"_links":{"self":[{"href":"http:\/\/www.casadefulo.com.br\/es\/wp-json\/wp\/v2\/pages\/3702","targetHints":{"allow":["GET"]}}],"collection":[{"href":"http:\/\/www.casadefulo.com.br\/es\/wp-json\/wp\/v2\/pages"}],"about":[{"href":"http:\/\/www.casadefulo.com.br\/es\/wp-json\/wp\/v2\/types\/page"}],"author":[{"embeddable":true,"href":"http:\/\/www.casadefulo.com.br\/es\/wp-json\/wp\/v2\/users\/1"}],"replies":[{"embeddable":true,"href":"http:\/\/www.casadefulo.com.br\/es\/wp-json\/wp\/v2\/comments?post=3702"}],"version-history":[{"count":12,"href":"http:\/\/www.casadefulo.com.br\/es\/wp-json\/wp\/v2\/pages\/3702\/revisions"}],"predecessor-version":[{"id":4311,"href":"http:\/\/www.casadefulo.com.br\/es\/wp-json\/wp\/v2\/pages\/3702\/revisions\/4311"}],"wp:attachment":[{"href":"http:\/\/www.casadefulo.com.br\/es\/wp-json\/wp\/v2\/media?parent=3702"}],"curies":[{"name":"wp","href":"https:\/\/api.w.org\/{rel}","templated":true}]}}