{"id":2475,"date":"2017-06-27T22:42:29","date_gmt":"2017-06-28T01:42:29","guid":{"rendered":"http:\/\/www.casadefulo.com.br\/cms\/?page_id=2475\/"},"modified":"2022-09-26T16:26:07","modified_gmt":"2022-09-26T19:26:07","slug":"fulores-team","status":"publish","type":"page","link":"http:\/\/www.casadefulo.com.br\/en\/fulores-team\/","title":{"rendered":"Ful\u00f4res Team"},"content":{"rendered":"<h2>Casa de Ful\u00f4 Prod<\/h2>\n<p>Casa de Ful\u00f4 Prod is a cultural production and content creation agency, that develops its own projects, such as the festivals SUNSET INSTRUMENTAL (Belo Horizonte and Rio de Janeiro), EXPERIA (Rio de Janeiro, Bras\u00edlia and S\u00e3o Paulo), REPIQUE DO TAMBOR (Bras\u00edlia) and IBEROEXPERIA (Madrid), in addition to collaborating in the co-production of associated events, such as Rio Music Market (Rio de Janeiro), MIDEM Latam (Rio de Janeiro) and others.<\/p>\n<p>In addition, the company provides consultancy services for the development of artistic careers, management and booking at national and international level, with a focus on Jazz and World Music. Represents the brazilian artists Arnaldo Antunes (Europa), Armandinho Macedo (Europa) y AYOM (Spain).<\/p>\n<p>Founded and directed by businesswoman Anamaria Rigotto, who currently resides in Spain, Casa de Ful\u00f4 has offices in Madrid and Rio de Janeiro.<\/p>\n<p>Casa has an attentive and experienced staff. Delicate ful\u00f4res, but with blood in the eyes and passion to create and provide incredible experiences through music and entertainment.<\/p>\n","protected":false},"excerpt":{"rendered":"<p>The House of Ful\u00f4 values for the quality and excellence in the agency of artists, production of cultural events and music festivals. Know our work<\/p>\n","protected":false},"author":1,"featured_media":0,"parent":0,"menu_order":0,"comment_status":"closed","ping_status":"closed","template":"","meta":{"ngg_post_thumbnail":0,"footnotes":""},"class_list":["post-2475","page","type-page","status-publish","hentry"],"yoast_head":"<!-- This site is optimized with the Yoast SEO plugin v19.8 - https:\/\/yoast.com\/wordpress\/plugins\/seo\/ -->\n<title>Ful\u00f4res Team &raquo; Casa de Ful\u00f4<\/title>\n<meta name=\"robots\" content=\"index, follow, max-snippet:-1, max-image-preview:large, max-video-preview:-1\" \/>\n<link rel=\"canonical\" href=\"http:\/\/www.casadefulo.com.br\/en\/fulores-team\/\" \/>\n<meta property=\"og:locale\" content=\"en_US\" \/>\n<meta property=\"og:type\" content=\"article\" \/>\n<meta property=\"og:title\" content=\"Ful\u00f4res Team &raquo; Casa de Ful\u00f4\" \/>\n<meta property=\"og:description\" content=\"The House of Ful\u00f4 values for the quality and excellence in the agency of artists, production of cultural events and music festivals. Know our work\" \/>\n<meta property=\"og:url\" content=\"http:\/\/www.casadefulo.com.br\/en\/fulores-team\/\" \/>\n<meta property=\"og:site_name\" content=\"Casa de Ful\u00f4\" \/>\n<meta property=\"article:publisher\" content=\"https:\/\/www.facebook.com\/CasaDeFuloProducoes\" \/>\n<meta property=\"article:modified_time\" content=\"2022-09-26T19:26:07+00:00\" \/>\n<meta name=\"twitter:card\" content=\"summary_large_image\" \/>\n<meta name=\"twitter:label1\" content=\"Est. reading time\" \/>\n\t<meta name=\"twitter:data1\" content=\"1 minute\" \/>\n<script type=\"application\/ld+json\" class=\"yoast-schema-graph\">{\"@context\":\"https:\/\/schema.org\",\"@graph\":[{\"@type\":\"WebPage\",\"@id\":\"http:\/\/www.casadefulo.com.br\/en\/fulores-team\/\",\"url\":\"http:\/\/www.casadefulo.com.br\/en\/fulores-team\/\",\"name\":\"Ful\u00f4res Team &raquo; Casa de Ful\u00f4\",\"isPartOf\":{\"@id\":\"https:\/\/www.casadefulo.com.br\/#website\"},\"datePublished\":\"2017-06-28T01:42:29+00:00\",\"dateModified\":\"2022-09-26T19:26:07+00:00\",\"breadcrumb\":{\"@id\":\"http:\/\/www.casadefulo.com.br\/en\/fulores-team\/#breadcrumb\"},\"inLanguage\":\"en-US\",\"potentialAction\":[{\"@type\":\"ReadAction\",\"target\":[\"http:\/\/www.casadefulo.com.br\/en\/fulores-team\/\"]}]},{\"@type\":\"BreadcrumbList\",\"@id\":\"http:\/\/www.casadefulo.com.br\/en\/fulores-team\/#breadcrumb\",\"itemListElement\":[{\"@type\":\"ListItem\",\"position\":1,\"name\":\"In\u00edcio\",\"item\":\"https:\/\/www.casadefulo.com.br\/en\/\"},{\"@type\":\"ListItem\",\"position\":2,\"name\":\"Ful\u00f4res Team\"}]},{\"@type\":\"WebSite\",\"@id\":\"https:\/\/www.casadefulo.com.br\/#website\",\"url\":\"https:\/\/www.casadefulo.com.br\/\",\"name\":\"Casa de Ful\u00f4\",\"description\":\"\",\"publisher\":{\"@id\":\"https:\/\/www.casadefulo.com.br\/#organization\"},\"potentialAction\":[{\"@type\":\"SearchAction\",\"target\":{\"@type\":\"EntryPoint\",\"urlTemplate\":\"https:\/\/www.casadefulo.com.br\/?s={search_term_string}\"},\"query-input\":\"required name=search_term_string\"}],\"inLanguage\":\"en-US\"},{\"@type\":\"Organization\",\"@id\":\"https:\/\/www.casadefulo.com.br\/#organization\",\"name\":\"Casa de Ful\u00f4 Prod\",\"url\":\"https:\/\/www.casadefulo.com.br\/\",\"sameAs\":[\"https:\/\/www.instagram.com\/casadefuloprod\",\"https:\/\/www.facebook.com\/CasaDeFuloProducoes\"],\"logo\":{\"@type\":\"ImageObject\",\"inLanguage\":\"en-US\",\"@id\":\"https:\/\/www.casadefulo.com.br\/#\/schema\/logo\/image\/\",\"url\":\"http:\/\/www.casadefulo.com.br\/cms\/wp-content\/uploads\/2017\/06\/casadefulo-thumbnail.jpg\",\"contentUrl\":\"http:\/\/www.casadefulo.com.br\/cms\/wp-content\/uploads\/2017\/06\/casadefulo-thumbnail.jpg\",\"width\":280,\"height\":280,\"caption\":\"Casa de Ful\u00f4 Prod\"},\"image\":{\"@id\":\"https:\/\/www.casadefulo.com.br\/#\/schema\/logo\/image\/\"}}]}<\/script>\n<!-- \/ Yoast SEO plugin. -->","yoast_head_json":{"title":"Ful\u00f4res Team &raquo; Casa de Ful\u00f4","robots":{"index":"index","follow":"follow","max-snippet":"max-snippet:-1","max-image-preview":"max-image-preview:large","max-video-preview":"max-video-preview:-1"},"canonical":"http:\/\/www.casadefulo.com.br\/en\/fulores-team\/","og_locale":"en_US","og_type":"article","og_title":"Ful\u00f4res Team &raquo; Casa de Ful\u00f4","og_description":"The House of Ful\u00f4 values for the quality and excellence in the agency of artists, production of cultural events and music festivals. Know our work","og_url":"http:\/\/www.casadefulo.com.br\/en\/fulores-team\/","og_site_name":"Casa de Ful\u00f4","article_publisher":"https:\/\/www.facebook.com\/CasaDeFuloProducoes","article_modified_time":"2022-09-26T19:26:07+00:00","twitter_card":"summary_large_image","twitter_misc":{"Est. reading time":"1 minute"},"schema":{"@context":"https:\/\/schema.org","@graph":[{"@type":"WebPage","@id":"http:\/\/www.casadefulo.com.br\/en\/fulores-team\/","url":"http:\/\/www.casadefulo.com.br\/en\/fulores-team\/","name":"Ful\u00f4res Team &raquo; Casa de Ful\u00f4","isPartOf":{"@id":"https:\/\/www.casadefulo.com.br\/#website"},"datePublished":"2017-06-28T01:42:29+00:00","dateModified":"2022-09-26T19:26:07+00:00","breadcrumb":{"@id":"http:\/\/www.casadefulo.com.br\/en\/fulores-team\/#breadcrumb"},"inLanguage":"en-US","potentialAction":[{"@type":"ReadAction","target":["http:\/\/www.casadefulo.com.br\/en\/fulores-team\/"]}]},{"@type":"BreadcrumbList","@id":"http:\/\/www.casadefulo.com.br\/en\/fulores-team\/#breadcrumb","itemListElement":[{"@type":"ListItem","position":1,"name":"In\u00edcio","item":"https:\/\/www.casadefulo.com.br\/en\/"},{"@type":"ListItem","position":2,"name":"Ful\u00f4res Team"}]},{"@type":"WebSite","@id":"https:\/\/www.casadefulo.com.br\/#website","url":"https:\/\/www.casadefulo.com.br\/","name":"Casa de Ful\u00f4","description":"","publisher":{"@id":"https:\/\/www.casadefulo.com.br\/#organization"},"potentialAction":[{"@type":"SearchAction","target":{"@type":"EntryPoint","urlTemplate":"https:\/\/www.casadefulo.com.br\/?s={search_term_string}"},"query-input":"required name=search_term_string"}],"inLanguage":"en-US"},{"@type":"Organization","@id":"https:\/\/www.casadefulo.com.br\/#organization","name":"Casa de Ful\u00f4 Prod","url":"https:\/\/www.casadefulo.com.br\/","sameAs":["https:\/\/www.instagram.com\/casadefuloprod","https:\/\/www.facebook.com\/CasaDeFuloProducoes"],"logo":{"@type":"ImageObject","inLanguage":"en-US","@id":"https:\/\/www.casadefulo.com.br\/#\/schema\/logo\/image\/","url":"http:\/\/www.casadefulo.com.br\/cms\/wp-content\/uploads\/2017\/06\/casadefulo-thumbnail.jpg","contentUrl":"http:\/\/www.casadefulo.com.br\/cms\/wp-content\/uploads\/2017\/06\/casadefulo-thumbnail.jpg","width":280,"height":280,"caption":"Casa de Ful\u00f4 Prod"},"image":{"@id":"https:\/\/www.casadefulo.com.br\/#\/schema\/logo\/image\/"}}]}},"_links":{"self":[{"href":"http:\/\/www.casadefulo.com.br\/en\/wp-json\/wp\/v2\/pages\/2475","targetHints":{"allow":["GET"]}}],"collection":[{"href":"http:\/\/www.casadefulo.com.br\/en\/wp-json\/wp\/v2\/pages"}],"about":[{"href":"http:\/\/www.casadefulo.com.br\/en\/wp-json\/wp\/v2\/types\/page"}],"author":[{"embeddable":true,"href":"http:\/\/www.casadefulo.com.br\/en\/wp-json\/wp\/v2\/users\/1"}],"replies":[{"embeddable":true,"href":"http:\/\/www.casadefulo.com.br\/en\/wp-json\/wp\/v2\/comments?post=2475"}],"version-history":[{"count":30,"href":"http:\/\/www.casadefulo.com.br\/en\/wp-json\/wp\/v2\/pages\/2475\/revisions"}],"predecessor-version":[{"id":4310,"href":"http:\/\/www.casadefulo.com.br\/en\/wp-json\/wp\/v2\/pages\/2475\/revisions\/4310"}],"wp:attachment":[{"href":"http:\/\/www.casadefulo.com.br\/en\/wp-json\/wp\/v2\/media?parent=2475"}],"curies":[{"name":"wp","href":"https:\/\/api.w.org\/{rel}","templated":true}]}}